{"id":1867,"date":"2021-02-03T13:04:46","date_gmt":"2021-02-03T12:04:46","guid":{"rendered":"http:\/\/www.metex-group.de\/?page_id=1867"},"modified":"2021-06-17T11:39:50","modified_gmt":"2021-06-17T09:39:50","slug":"modernisierung-einer-drehmaschine","status":"publish","type":"page","link":"https:\/\/www.metex-group.de\/en\/produkte-leistungen\/modernisierung\/modernisierung-einer-drehmaschine\/","title":{"rendered":"Modernisation of a lathe"},"content":{"rendered":"<div data-elementor-type=\"wp-page\" data-elementor-id=\"1867\" class=\"elementor elementor-1867\" data-elementor-post-type=\"page\">\n\t\t\t\t\t\t<section class=\"elementor-section elementor-top-section elementor-element elementor-element-adc330e elementor-section-boxed elementor-section-height-default elementor-section-height-default\" data-id=\"adc330e\" data-element_type=\"section\" data-e-type=\"section\" data-settings=\"{&quot;background_background&quot;:&quot;classic&quot;}\">\n\t\t\t\t\t\t<div class=\"elementor-container elementor-column-gap-default\">\n\t\t\t\t\t<div class=\"elementor-column elementor-col-33 elementor-top-column elementor-element elementor-element-dc1445d\" data-id=\"dc1445d\" data-element_type=\"column\" data-e-type=\"column\" data-settings=\"{&quot;background_background&quot;:&quot;classic&quot;}\">\n\t\t\t<div class=\"elementor-widget-wrap elementor-element-populated\">\n\t\t\t\t\t\t<div class=\"elementor-element elementor-element-2653d2a elementor-widget elementor-widget-heading\" data-id=\"2653d2a\" data-element_type=\"widget\" data-e-type=\"widget\" data-widget_type=\"heading.default\">\n\t\t\t\t<div class=\"elementor-widget-container\">\n\t\t\t\t\t<h1 class=\"elementor-heading-title elementor-size-default\">Modernisation of a lathe<\/h1>\t\t\t\t<\/div>\n\t\t\t\t<\/div>\n\t\t\t\t<div class=\"elementor-element elementor-element-d02bce5 elementor-widget-divider--view-line elementor-widget elementor-widget-divider\" data-id=\"d02bce5\" data-element_type=\"widget\" data-e-type=\"widget\" data-widget_type=\"divider.default\">\n\t\t\t\t<div class=\"elementor-widget-container\">\n\t\t\t\t\t\t\t<div class=\"elementor-divider\">\n\t\t\t<span class=\"elementor-divider-separator\">\n\t\t\t\t\t\t<\/span>\n\t\t<\/div>\n\t\t\t\t\t\t<\/div>\n\t\t\t\t<\/div>\n\t\t\t\t<div class=\"elementor-element elementor-element-3272d98 elementor-widget elementor-widget-spacer\" data-id=\"3272d98\" data-element_type=\"widget\" data-e-type=\"widget\" data-widget_type=\"spacer.default\">\n\t\t\t\t<div class=\"elementor-widget-container\">\n\t\t\t\t\t\t\t<div class=\"elementor-spacer\">\n\t\t\t<div class=\"elementor-spacer-inner\"><\/div>\n\t\t<\/div>\n\t\t\t\t\t\t<\/div>\n\t\t\t\t<\/div>\n\t\t\t\t\t<\/div>\n\t\t<\/div>\n\t\t\t\t<div class=\"elementor-column elementor-col-33 elementor-top-column elementor-element elementor-element-a5bf588\" data-id=\"a5bf588\" data-element_type=\"column\" data-e-type=\"column\">\n\t\t\t<div class=\"elementor-widget-wrap\">\n\t\t\t\t\t\t\t<\/div>\n\t\t<\/div>\n\t\t\t\t<div class=\"elementor-column elementor-col-33 elementor-top-column elementor-element elementor-element-750753c\" data-id=\"750753c\" data-element_type=\"column\" data-e-type=\"column\">\n\t\t\t<div class=\"elementor-widget-wrap\">\n\t\t\t\t\t\t\t<\/div>\n\t\t<\/div>\n\t\t\t\t\t<\/div>\n\t\t<\/section>\n\t\t\t\t<section class=\"elementor-section elementor-top-section elementor-element elementor-element-976ed80 elementor-section-boxed elementor-section-height-default elementor-section-height-default\" data-id=\"976ed80\" data-element_type=\"section\" data-e-type=\"section\">\n\t\t\t\t\t\t<div class=\"elementor-container elementor-column-gap-default\">\n\t\t\t\t\t<div class=\"elementor-column elementor-col-100 elementor-top-column elementor-element elementor-element-03c2fcd\" data-id=\"03c2fcd\" data-element_type=\"column\" data-e-type=\"column\">\n\t\t\t<div class=\"elementor-widget-wrap elementor-element-populated\">\n\t\t\t\t\t\t<div class=\"elementor-element elementor-element-a2878c6 elementor-widget elementor-widget-spacer\" data-id=\"a2878c6\" data-element_type=\"widget\" data-e-type=\"widget\" data-widget_type=\"spacer.default\">\n\t\t\t\t<div class=\"elementor-widget-container\">\n\t\t\t\t\t\t\t<div class=\"elementor-spacer\">\n\t\t\t<div class=\"elementor-spacer-inner\"><\/div>\n\t\t<\/div>\n\t\t\t\t\t\t<\/div>\n\t\t\t\t<\/div>\n\t\t\t\t\t<\/div>\n\t\t<\/div>\n\t\t\t\t\t<\/div>\n\t\t<\/section>\n\t\t\t\t<section class=\"elementor-section elementor-top-section elementor-element elementor-element-2b0b72c elementor-section-boxed elementor-section-height-default elementor-section-height-default\" data-id=\"2b0b72c\" data-element_type=\"section\" data-e-type=\"section\">\n\t\t\t\t\t\t<div class=\"elementor-container elementor-column-gap-default\">\n\t\t\t\t\t<div class=\"elementor-column elementor-col-100 elementor-top-column elementor-element elementor-element-309b5a6\" data-id=\"309b5a6\" data-element_type=\"column\" data-e-type=\"column\">\n\t\t\t<div class=\"elementor-widget-wrap elementor-element-populated\">\n\t\t\t\t\t\t<div class=\"elementor-element elementor-element-1775e07 elementor-widget elementor-widget-heading\" data-id=\"1775e07\" data-element_type=\"widget\" data-e-type=\"widget\" data-widget_type=\"heading.default\">\n\t\t\t\t<div class=\"elementor-widget-container\">\n\t\t\t\t\t<h2 class=\"elementor-heading-title elementor-size-default\">State before modernisation<\/h2>\t\t\t\t<\/div>\n\t\t\t\t<\/div>\n\t\t\t\t<div class=\"elementor-element elementor-element-93f667e elementor-widget elementor-widget-text-editor\" data-id=\"93f667e\" data-element_type=\"widget\" data-e-type=\"widget\" data-widget_type=\"text-editor.default\">\n\t\t\t\t<div class=\"elementor-widget-container\">\n\t\t\t\t\t\t\t\t\t<p>The following pictures document the state of the lathe type: DXW 1.250 x 7.000.<\/p>\t\t\t\t\t\t\t\t<\/div>\n\t\t\t\t<\/div>\n\t\t\t\t<div class=\"elementor-element elementor-element-b5984ee elementor-widget elementor-widget-gallery\" data-id=\"b5984ee\" data-element_type=\"widget\" data-e-type=\"widget\" data-settings=\"{&quot;lazyload&quot;:&quot;yes&quot;,&quot;gallery_layout&quot;:&quot;grid&quot;,&quot;columns&quot;:4,&quot;columns_tablet&quot;:2,&quot;columns_mobile&quot;:1,&quot;gap&quot;:{&quot;unit&quot;:&quot;px&quot;,&quot;size&quot;:10,&quot;sizes&quot;:[]},&quot;gap_tablet&quot;:{&quot;unit&quot;:&quot;px&quot;,&quot;size&quot;:10,&quot;sizes&quot;:[]},&quot;gap_mobile&quot;:{&quot;unit&quot;:&quot;px&quot;,&quot;size&quot;:10,&quot;sizes&quot;:[]},&quot;link_to&quot;:&quot;file&quot;,&quot;aspect_ratio&quot;:&quot;3:2&quot;,&quot;overlay_background&quot;:&quot;yes&quot;,&quot;content_hover_animation&quot;:&quot;fade-in&quot;}\" data-widget_type=\"gallery.default\">\n\t\t\t\t<div class=\"elementor-widget-container\">\n\t\t\t\t\t\t\t<div class=\"elementor-gallery__container\">\n\t\t\t\t\t\t\t<a class=\"e-gallery-item elementor-gallery-item elementor-animated-content\" href=\"https:\/\/www.metex-group.de\/wp-content\/uploads\/2021\/02\/modernisierung-metex-drehmaschine-vorher-4.jpg\" data-elementor-open-lightbox=\"yes\" data-elementor-lightbox-slideshow=\"b5984ee\" data-elementor-lightbox-title=\"METEX Group GmbH Modernisierungen\" data-e-action-hash=\"#elementor-action%3Aaction%3Dlightbox%26settings%3DeyJpZCI6MTk3OCwidXJsIjoiaHR0cHM6XC9cL3d3dy5tZXRleC1ncm91cC5kZVwvd3AtY29udGVudFwvdXBsb2Fkc1wvMjAyMVwvMDJcL21vZGVybmlzaWVydW5nLW1ldGV4LWRyZWhtYXNjaGluZS12b3JoZXItNC5qcGciLCJzbGlkZXNob3ciOiJiNTk4NGVlIn0%3D\">\n\t\t\t\t\t<div class=\"e-gallery-image elementor-gallery-item__image\" data-thumbnail=\"https:\/\/www.metex-group.de\/wp-content\/uploads\/2021\/02\/modernisierung-metex-drehmaschine-vorher-4-300x225.jpg\" data-width=\"300\" data-height=\"225\" aria-label=\"METEX Group GmbH Modernisierungen\" role=\"img\" ><\/div>\n\t\t\t\t\t\t\t\t\t\t\t<div class=\"elementor-gallery-item__overlay\"><\/div>\n\t\t\t\t\t\t\t\t\t\t\t\t\t\t<\/a>\n\t\t\t\t\t\t\t<a class=\"e-gallery-item elementor-gallery-item elementor-animated-content\" href=\"https:\/\/www.metex-group.de\/wp-content\/uploads\/2021\/02\/modernisierung-metex-drehmaschine-vorher-3.jpg\" data-elementor-open-lightbox=\"yes\" data-elementor-lightbox-slideshow=\"b5984ee\" data-elementor-lightbox-title=\"METEX Group GmbH Modernisierungen\" data-e-action-hash=\"#elementor-action%3Aaction%3Dlightbox%26settings%3DeyJpZCI6MTk3OSwidXJsIjoiaHR0cHM6XC9cL3d3dy5tZXRleC1ncm91cC5kZVwvd3AtY29udGVudFwvdXBsb2Fkc1wvMjAyMVwvMDJcL21vZGVybmlzaWVydW5nLW1ldGV4LWRyZWhtYXNjaGluZS12b3JoZXItMy5qcGciLCJzbGlkZXNob3ciOiJiNTk4NGVlIn0%3D\">\n\t\t\t\t\t<div class=\"e-gallery-image elementor-gallery-item__image\" data-thumbnail=\"https:\/\/www.metex-group.de\/wp-content\/uploads\/2021\/02\/modernisierung-metex-drehmaschine-vorher-3-300x225.jpg\" data-width=\"300\" data-height=\"225\" aria-label=\"METEX Group GmbH Modernisierungen\" role=\"img\" ><\/div>\n\t\t\t\t\t\t\t\t\t\t\t<div class=\"elementor-gallery-item__overlay\"><\/div>\n\t\t\t\t\t\t\t\t\t\t\t\t\t\t<\/a>\n\t\t\t\t\t\t\t<a class=\"e-gallery-item elementor-gallery-item elementor-animated-content\" href=\"https:\/\/www.metex-group.de\/wp-content\/uploads\/2021\/02\/modernisierung-metex-drehmaschine-vorher-2.jpg\" data-elementor-open-lightbox=\"yes\" data-elementor-lightbox-slideshow=\"b5984ee\" data-elementor-lightbox-title=\"METEX Group GmbH Modernisierungen\" data-e-action-hash=\"#elementor-action%3Aaction%3Dlightbox%26settings%3DeyJpZCI6MTk4MCwidXJsIjoiaHR0cHM6XC9cL3d3dy5tZXRleC1ncm91cC5kZVwvd3AtY29udGVudFwvdXBsb2Fkc1wvMjAyMVwvMDJcL21vZGVybmlzaWVydW5nLW1ldGV4LWRyZWhtYXNjaGluZS12b3JoZXItMi5qcGciLCJzbGlkZXNob3ciOiJiNTk4NGVlIn0%3D\">\n\t\t\t\t\t<div class=\"e-gallery-image elementor-gallery-item__image\" data-thumbnail=\"https:\/\/www.metex-group.de\/wp-content\/uploads\/2021\/02\/modernisierung-metex-drehmaschine-vorher-2-300x225.jpg\" data-width=\"300\" data-height=\"225\" aria-label=\"METEX Group GmbH Modernisierungen\" role=\"img\" ><\/div>\n\t\t\t\t\t\t\t\t\t\t\t<div class=\"elementor-gallery-item__overlay\"><\/div>\n\t\t\t\t\t\t\t\t\t\t\t\t\t\t<\/a>\n\t\t\t\t\t\t\t<a class=\"e-gallery-item elementor-gallery-item elementor-animated-content\" href=\"https:\/\/www.metex-group.de\/wp-content\/uploads\/2021\/02\/modernisierung-metex-drehmaschine-vorher-1.jpg\" data-elementor-open-lightbox=\"yes\" data-elementor-lightbox-slideshow=\"b5984ee\" data-elementor-lightbox-title=\"METEX Group GmbH Modernisierungen\" data-e-action-hash=\"#elementor-action%3Aaction%3Dlightbox%26settings%3DeyJpZCI6MTk4MSwidXJsIjoiaHR0cHM6XC9cL3d3dy5tZXRleC1ncm91cC5kZVwvd3AtY29udGVudFwvdXBsb2Fkc1wvMjAyMVwvMDJcL21vZGVybmlzaWVydW5nLW1ldGV4LWRyZWhtYXNjaGluZS12b3JoZXItMS5qcGciLCJzbGlkZXNob3ciOiJiNTk4NGVlIn0%3D\">\n\t\t\t\t\t<div class=\"e-gallery-image elementor-gallery-item__image\" data-thumbnail=\"https:\/\/www.metex-group.de\/wp-content\/uploads\/2021\/02\/modernisierung-metex-drehmaschine-vorher-1-297x300.jpg\" data-width=\"297\" data-height=\"300\" aria-label=\"METEX Group GmbH Modernisierungen\" role=\"img\" ><\/div>\n\t\t\t\t\t\t\t\t\t\t\t<div class=\"elementor-gallery-item__overlay\"><\/div>\n\t\t\t\t\t\t\t\t\t\t\t\t\t\t<\/a>\n\t\t\t\t\t<\/div>\n\t\t\t\t\t<\/div>\n\t\t\t\t<\/div>\n\t\t\t\t\t<\/div>\n\t\t<\/div>\n\t\t\t\t\t<\/div>\n\t\t<\/section>\n\t\t\t\t<section class=\"elementor-section elementor-top-section elementor-element elementor-element-52cda95 elementor-section-boxed elementor-section-height-default elementor-section-height-default\" data-id=\"52cda95\" data-element_type=\"section\" data-e-type=\"section\">\n\t\t\t\t\t\t<div class=\"elementor-container elementor-column-gap-default\">\n\t\t\t\t\t<div class=\"elementor-column elementor-col-100 elementor-top-column elementor-element elementor-element-21ea1a7\" data-id=\"21ea1a7\" data-element_type=\"column\" data-e-type=\"column\">\n\t\t\t<div class=\"elementor-widget-wrap elementor-element-populated\">\n\t\t\t\t\t\t<div class=\"elementor-element elementor-element-7fe3021 elementor-widget-divider--view-line_icon elementor-view-default elementor-widget-divider--element-align-center elementor-widget elementor-widget-divider\" data-id=\"7fe3021\" data-element_type=\"widget\" data-e-type=\"widget\" data-widget_type=\"divider.default\">\n\t\t\t\t<div class=\"elementor-widget-container\">\n\t\t\t\t\t\t\t<div class=\"elementor-divider\">\n\t\t\t<span class=\"elementor-divider-separator\">\n\t\t\t\t\t\t\t<div class=\"elementor-icon elementor-divider__element\">\n\t\t\t\t\t<i aria-hidden=\"true\" class=\"fas fa-tools\"><\/i><\/div>\n\t\t\t\t\t\t<\/span>\n\t\t<\/div>\n\t\t\t\t\t\t<\/div>\n\t\t\t\t<\/div>\n\t\t\t\t\t<\/div>\n\t\t<\/div>\n\t\t\t\t\t<\/div>\n\t\t<\/section>\n\t\t\t\t<section class=\"elementor-section elementor-top-section elementor-element elementor-element-34403e1 elementor-section-boxed elementor-section-height-default elementor-section-height-default\" data-id=\"34403e1\" data-element_type=\"section\" data-e-type=\"section\">\n\t\t\t\t\t\t<div class=\"elementor-container elementor-column-gap-default\">\n\t\t\t\t\t<div class=\"elementor-column elementor-col-50 elementor-top-column elementor-element elementor-element-54cefc4\" data-id=\"54cefc4\" data-element_type=\"column\" data-e-type=\"column\">\n\t\t\t<div class=\"elementor-widget-wrap elementor-element-populated\">\n\t\t\t\t\t\t<div class=\"elementor-element elementor-element-f424993 elementor-widget elementor-widget-heading\" data-id=\"f424993\" data-element_type=\"widget\" data-e-type=\"widget\" data-widget_type=\"heading.default\">\n\t\t\t\t<div class=\"elementor-widget-container\">\n\t\t\t\t\t<h3 class=\"elementor-heading-title elementor-size-default\">State after modernisation<\/h3>\t\t\t\t<\/div>\n\t\t\t\t<\/div>\n\t\t\t\t<div class=\"elementor-element elementor-element-2e21412 elementor-widget elementor-widget-text-editor\" data-id=\"2e21412\" data-element_type=\"widget\" data-e-type=\"widget\" data-widget_type=\"text-editor.default\">\n\t\t\t\t<div class=\"elementor-widget-container\">\n\t\t\t\t\t\t\t\t\t<div class=\"neos-nodetypes-text\"><div><p><strong>Result after modernisation<\/strong><\/p><\/div><\/div><div class=\"neos-nodetypes-text\"><div><ul><li>complete overhaul of all mechanical components<\/li><li>completely new hydraulic<\/li><li>completely new SIEMENS electrics with Sinumerik 840 D<\/li><\/ul><\/div><\/div>\t\t\t\t\t\t\t\t<\/div>\n\t\t\t\t<\/div>\n\t\t\t\t<div class=\"elementor-element elementor-element-609a574 elementor-widget elementor-widget-text-editor\" data-id=\"609a574\" data-element_type=\"widget\" data-e-type=\"widget\" data-widget_type=\"text-editor.default\">\n\t\t\t\t<div class=\"elementor-widget-container\">\n\t\t\t\t\t\t\t\t\t<div class=\"neos-nodetypes-text\"><div>\u00a0<\/div><\/div><div class=\"neos-nodetypes-text\"><div><p><b>Additionally equipped with<\/b><\/p><\/div><\/div><div class=\"neos-nodetypes-text\"><ul><li>carriage guideways with hardened steel plates<\/li><li>one additional inversely CNC-controlled swivel head<\/li><\/ul><\/div>\t\t\t\t\t\t\t\t<\/div>\n\t\t\t\t<\/div>\n\t\t\t\t\t<\/div>\n\t\t<\/div>\n\t\t\t\t<div class=\"elementor-column elementor-col-50 elementor-top-column elementor-element elementor-element-b52d92d\" data-id=\"b52d92d\" data-element_type=\"column\" data-e-type=\"column\">\n\t\t\t<div class=\"elementor-widget-wrap elementor-element-populated\">\n\t\t\t\t\t\t<div class=\"elementor-element elementor-element-7d8dfaf elementor-widget elementor-widget-image\" data-id=\"7d8dfaf\" data-element_type=\"widget\" data-e-type=\"widget\" data-widget_type=\"image.default\">\n\t\t\t\t<div class=\"elementor-widget-container\">\n\t\t\t\t\t\t\t\t\t\t\t\t\t\t\t<img fetchpriority=\"high\" decoding=\"async\" width=\"800\" height=\"534\" src=\"https:\/\/www.metex-group.de\/wp-content\/uploads\/2021\/02\/modernisierung-metex-drehmaschine-nachher-1.jpg\" class=\"attachment-large size-large wp-image-1986\" alt=\"METEX Group GmbH Modernisierungen\" srcset=\"https:\/\/www.metex-group.de\/wp-content\/uploads\/2021\/02\/modernisierung-metex-drehmaschine-nachher-1.jpg 1024w, https:\/\/www.metex-group.de\/wp-content\/uploads\/2021\/02\/modernisierung-metex-drehmaschine-nachher-1-300x200.jpg 300w, https:\/\/www.metex-group.de\/wp-content\/uploads\/2021\/02\/modernisierung-metex-drehmaschine-nachher-1-768x512.jpg 768w\" sizes=\"(max-width: 800px) 100vw, 800px\" \/>\t\t\t\t\t\t\t\t\t\t\t\t\t\t\t<\/div>\n\t\t\t\t<\/div>\n\t\t\t\t\t<\/div>\n\t\t<\/div>\n\t\t\t\t\t<\/div>\n\t\t<\/section>\n\t\t\t\t<section class=\"elementor-section elementor-top-section elementor-element elementor-element-171065a elementor-section-boxed elementor-section-height-default elementor-section-height-default\" data-id=\"171065a\" data-element_type=\"section\" data-e-type=\"section\">\n\t\t\t\t\t\t<div class=\"elementor-container elementor-column-gap-default\">\n\t\t\t\t\t<div class=\"elementor-column elementor-col-100 elementor-top-column elementor-element elementor-element-7e32ae4\" data-id=\"7e32ae4\" data-element_type=\"column\" data-e-type=\"column\">\n\t\t\t<div class=\"elementor-widget-wrap elementor-element-populated\">\n\t\t\t\t\t\t<div class=\"elementor-element elementor-element-a9d5c15 elementor-widget elementor-widget-gallery\" data-id=\"a9d5c15\" data-element_type=\"widget\" data-e-type=\"widget\" data-settings=\"{&quot;aspect_ratio&quot;:&quot;1:1&quot;,&quot;lazyload&quot;:&quot;yes&quot;,&quot;gallery_layout&quot;:&quot;grid&quot;,&quot;columns&quot;:4,&quot;columns_tablet&quot;:2,&quot;columns_mobile&quot;:1,&quot;gap&quot;:{&quot;unit&quot;:&quot;px&quot;,&quot;size&quot;:10,&quot;sizes&quot;:[]},&quot;gap_tablet&quot;:{&quot;unit&quot;:&quot;px&quot;,&quot;size&quot;:10,&quot;sizes&quot;:[]},&quot;gap_mobile&quot;:{&quot;unit&quot;:&quot;px&quot;,&quot;size&quot;:10,&quot;sizes&quot;:[]},&quot;link_to&quot;:&quot;file&quot;,&quot;content_hover_animation&quot;:&quot;fade-in&quot;}\" data-widget_type=\"gallery.default\">\n\t\t\t\t<div class=\"elementor-widget-container\">\n\t\t\t\t\t\t\t<div class=\"elementor-gallery__container\">\n\t\t\t\t\t\t\t<a class=\"e-gallery-item elementor-gallery-item elementor-animated-content\" href=\"https:\/\/www.metex-group.de\/wp-content\/uploads\/2021\/02\/modernisierung-metex-drehmaschine-nachher-2.jpg\" data-elementor-open-lightbox=\"yes\" data-elementor-lightbox-slideshow=\"a9d5c15\" data-elementor-lightbox-title=\"METEX Group GmbH Modernisierungen\" data-e-action-hash=\"#elementor-action%3Aaction%3Dlightbox%26settings%3DeyJpZCI6MTk4MiwidXJsIjoiaHR0cHM6XC9cL3d3dy5tZXRleC1ncm91cC5kZVwvd3AtY29udGVudFwvdXBsb2Fkc1wvMjAyMVwvMDJcL21vZGVybmlzaWVydW5nLW1ldGV4LWRyZWhtYXNjaGluZS1uYWNoaGVyLTIuanBnIiwic2xpZGVzaG93IjoiYTlkNWMxNSJ9\">\n\t\t\t\t\t<div class=\"e-gallery-image elementor-gallery-item__image\" data-thumbnail=\"https:\/\/www.metex-group.de\/wp-content\/uploads\/2021\/02\/modernisierung-metex-drehmaschine-nachher-2.jpg\" data-width=\"761\" data-height=\"570\" aria-label=\"METEX Group GmbH Modernisierungen\" role=\"img\" ><\/div>\n\t\t\t\t\t\t\t\t\t\t\t\t\t\t<\/a>\n\t\t\t\t\t\t\t<a class=\"e-gallery-item elementor-gallery-item elementor-animated-content\" href=\"https:\/\/www.metex-group.de\/wp-content\/uploads\/2021\/02\/modernisierung-metex-drehmaschine-nachher-5.jpg\" data-elementor-open-lightbox=\"yes\" data-elementor-lightbox-slideshow=\"a9d5c15\" data-elementor-lightbox-title=\"METEX Group GmbH Modernisierungen\" data-e-action-hash=\"#elementor-action%3Aaction%3Dlightbox%26settings%3DeyJpZCI6MTk4MywidXJsIjoiaHR0cHM6XC9cL3d3dy5tZXRleC1ncm91cC5kZVwvd3AtY29udGVudFwvdXBsb2Fkc1wvMjAyMVwvMDJcL21vZGVybmlzaWVydW5nLW1ldGV4LWRyZWhtYXNjaGluZS1uYWNoaGVyLTUuanBnIiwic2xpZGVzaG93IjoiYTlkNWMxNSJ9\">\n\t\t\t\t\t<div class=\"e-gallery-image elementor-gallery-item__image\" data-thumbnail=\"https:\/\/www.metex-group.de\/wp-content\/uploads\/2021\/02\/modernisierung-metex-drehmaschine-nachher-5.jpg\" data-width=\"800\" data-height=\"600\" aria-label=\"METEX Group GmbH Modernisierungen\" role=\"img\" ><\/div>\n\t\t\t\t\t\t\t\t\t\t\t\t\t\t<\/a>\n\t\t\t\t\t\t\t<a class=\"e-gallery-item elementor-gallery-item elementor-animated-content\" href=\"https:\/\/www.metex-group.de\/wp-content\/uploads\/2021\/02\/modernisierung-metex-drehmaschine-nachher-4.jpg\" data-elementor-open-lightbox=\"yes\" data-elementor-lightbox-slideshow=\"a9d5c15\" data-elementor-lightbox-title=\"METEX Group GmbH Modernisierungen\" data-e-action-hash=\"#elementor-action%3Aaction%3Dlightbox%26settings%3DeyJpZCI6MTk4NCwidXJsIjoiaHR0cHM6XC9cL3d3dy5tZXRleC1ncm91cC5kZVwvd3AtY29udGVudFwvdXBsb2Fkc1wvMjAyMVwvMDJcL21vZGVybmlzaWVydW5nLW1ldGV4LWRyZWhtYXNjaGluZS1uYWNoaGVyLTQuanBnIiwic2xpZGVzaG93IjoiYTlkNWMxNSJ9\">\n\t\t\t\t\t<div class=\"e-gallery-image elementor-gallery-item__image\" data-thumbnail=\"https:\/\/www.metex-group.de\/wp-content\/uploads\/2021\/02\/modernisierung-metex-drehmaschine-nachher-4.jpg\" data-width=\"589\" data-height=\"441\" aria-label=\"METEX Group GmbH Modernisierungen\" role=\"img\" ><\/div>\n\t\t\t\t\t\t\t\t\t\t\t\t\t\t<\/a>\n\t\t\t\t\t\t\t<a class=\"e-gallery-item elementor-gallery-item elementor-animated-content\" href=\"https:\/\/www.metex-group.de\/wp-content\/uploads\/2021\/02\/modernisierung-metex-drehmaschine-nachher-3.jpg\" data-elementor-open-lightbox=\"yes\" data-elementor-lightbox-slideshow=\"a9d5c15\" data-elementor-lightbox-title=\"METEX Group GmbH Modernisierungen\" data-e-action-hash=\"#elementor-action%3Aaction%3Dlightbox%26settings%3DeyJpZCI6MTk4NSwidXJsIjoiaHR0cHM6XC9cL3d3dy5tZXRleC1ncm91cC5kZVwvd3AtY29udGVudFwvdXBsb2Fkc1wvMjAyMVwvMDJcL21vZGVybmlzaWVydW5nLW1ldGV4LWRyZWhtYXNjaGluZS1uYWNoaGVyLTMuanBnIiwic2xpZGVzaG93IjoiYTlkNWMxNSJ9\">\n\t\t\t\t\t<div class=\"e-gallery-image elementor-gallery-item__image\" data-thumbnail=\"https:\/\/www.metex-group.de\/wp-content\/uploads\/2021\/02\/modernisierung-metex-drehmaschine-nachher-3.jpg\" data-width=\"410\" data-height=\"708\" aria-label=\"METEX Group GmbH Modernisierungen\" role=\"img\" ><\/div>\n\t\t\t\t\t\t\t\t\t\t\t\t\t\t<\/a>\n\t\t\t\t\t<\/div>\n\t\t\t\t\t<\/div>\n\t\t\t\t<\/div>\n\t\t\t\t\t<\/div>\n\t\t<\/div>\n\t\t\t\t\t<\/div>\n\t\t<\/section>\n\t\t\t\t<section class=\"elementor-section elementor-top-section elementor-element elementor-element-189857c elementor-section-boxed elementor-section-height-default elementor-section-height-default\" data-id=\"189857c\" data-element_type=\"section\" data-e-type=\"section\">\n\t\t\t\t\t\t<div class=\"elementor-container elementor-column-gap-default\">\n\t\t\t\t\t<div class=\"elementor-column elementor-col-100 elementor-top-column elementor-element elementor-element-744e684\" data-id=\"744e684\" data-element_type=\"column\" data-e-type=\"column\">\n\t\t\t<div class=\"elementor-widget-wrap elementor-element-populated\">\n\t\t\t\t\t\t<div class=\"elementor-element elementor-element-64c3081 elementor-widget elementor-widget-spacer\" data-id=\"64c3081\" data-element_type=\"widget\" data-e-type=\"widget\" data-widget_type=\"spacer.default\">\n\t\t\t\t<div class=\"elementor-widget-container\">\n\t\t\t\t\t\t\t<div class=\"elementor-spacer\">\n\t\t\t<div class=\"elementor-spacer-inner\"><\/div>\n\t\t<\/div>\n\t\t\t\t\t\t<\/div>\n\t\t\t\t<\/div>\n\t\t\t\t\t<\/div>\n\t\t<\/div>\n\t\t\t\t\t<\/div>\n\t\t<\/section>\n\t\t\t\t<section class=\"elementor-section elementor-top-section elementor-element elementor-element-d1e2289 elementor-section-boxed elementor-section-height-default elementor-section-height-default\" data-id=\"d1e2289\" data-element_type=\"section\" data-e-type=\"section\">\n\t\t\t\t\t\t<div class=\"elementor-container elementor-column-gap-default\">\n\t\t\t\t\t<div class=\"elementor-column elementor-col-100 elementor-top-column elementor-element elementor-element-4035017\" data-id=\"4035017\" data-element_type=\"column\" data-e-type=\"column\">\n\t\t\t<div class=\"elementor-widget-wrap elementor-element-populated\">\n\t\t\t\t\t\t<div class=\"elementor-element elementor-element-3a64e35 elementor-widget elementor-widget-spacer\" data-id=\"3a64e35\" data-element_type=\"widget\" data-e-type=\"widget\" data-widget_type=\"spacer.default\">\n\t\t\t\t<div class=\"elementor-widget-container\">\n\t\t\t\t\t\t\t<div class=\"elementor-spacer\">\n\t\t\t<div class=\"elementor-spacer-inner\"><\/div>\n\t\t<\/div>\n\t\t\t\t\t\t<\/div>\n\t\t\t\t<\/div>\n\t\t\t\t\t<\/div>\n\t\t<\/div>\n\t\t\t\t\t<\/div>\n\t\t<\/section>\n\t\t\t\t<\/div>","protected":false},"excerpt":{"rendered":"<p>Zustand vor der Modernisierung Die nachfolgenden Bilder dokumentieren den Zustand&nbsp; Drehmaschine Typ: DXW 1.250 x 7.000. Zustand nach der Modernisierung Ergebnis nach erfolgter Modernisierung komplette \u00dcberarbeitung aller mechanischen Komponenten komplett neue Hydraulikanlagen komplett neue SIEMENS Elektrik mit Sinumerik 840 D Zus\u00e4tzlich ausger\u00fcstet mit Supportf\u00fchrungsleisten mit geh\u00e4rteten Stahlplatten zus\u00e4tzlichen spiegelbildlichen CNC-Drehsupport<\/p>","protected":false},"author":1,"featured_media":0,"parent":283,"menu_order":0,"comment_status":"closed","ping_status":"closed","template":"","meta":{"footnotes":""},"class_list":["post-1867","page","type-page","status-publish","hentry"],"_links":{"self":[{"href":"https:\/\/www.metex-group.de\/en\/wp-json\/wp\/v2\/pages\/1867","targetHints":{"allow":["GET"]}}],"collection":[{"href":"https:\/\/www.metex-group.de\/en\/wp-json\/wp\/v2\/pages"}],"about":[{"href":"https:\/\/www.metex-group.de\/en\/wp-json\/wp\/v2\/types\/page"}],"author":[{"embeddable":true,"href":"https:\/\/www.metex-group.de\/en\/wp-json\/wp\/v2\/users\/1"}],"replies":[{"embeddable":true,"href":"https:\/\/www.metex-group.de\/en\/wp-json\/wp\/v2\/comments?post=1867"}],"version-history":[{"count":5,"href":"https:\/\/www.metex-group.de\/en\/wp-json\/wp\/v2\/pages\/1867\/revisions"}],"predecessor-version":[{"id":5792,"href":"https:\/\/www.metex-group.de\/en\/wp-json\/wp\/v2\/pages\/1867\/revisions\/5792"}],"up":[{"embeddable":true,"href":"https:\/\/www.metex-group.de\/en\/wp-json\/wp\/v2\/pages\/283"}],"wp:attachment":[{"href":"https:\/\/www.metex-group.de\/en\/wp-json\/wp\/v2\/media?parent=1867"}],"curies":[{"name":"wp","href":"https:\/\/api.w.org\/{rel}","templated":true}]}}