{"id":3586,"date":"2021-03-29T11:10:09","date_gmt":"2021-03-29T09:10:09","guid":{"rendered":"http:\/\/www.metex-group.de\/?page_id=3586"},"modified":"2021-06-17T11:34:17","modified_gmt":"2021-06-17T09:34:17","slug":"messtechnik-walzenschleifmaschinen","status":"publish","type":"page","link":"https:\/\/www.metex-group.de\/en\/messtechnik-walzenschleifmaschinen\/","title":{"rendered":"Measurement technology<br \/>roll grinding machines"},"content":{"rendered":"<div data-elementor-type=\"wp-page\" data-elementor-id=\"3586\" class=\"elementor elementor-3586\" data-elementor-post-type=\"page\">\n\t\t\t\t\t\t<section class=\"elementor-section elementor-top-section elementor-element elementor-element-c6cc506 elementor-section-boxed elementor-section-height-default elementor-section-height-default\" data-id=\"c6cc506\" data-element_type=\"section\" data-e-type=\"section\" data-settings=\"{&quot;background_background&quot;:&quot;classic&quot;}\">\n\t\t\t\t\t\t<div class=\"elementor-container elementor-column-gap-default\">\n\t\t\t\t\t<div class=\"elementor-column elementor-col-33 elementor-top-column elementor-element elementor-element-76d64b1\" data-id=\"76d64b1\" data-element_type=\"column\" data-e-type=\"column\" data-settings=\"{&quot;background_background&quot;:&quot;classic&quot;}\">\n\t\t\t<div class=\"elementor-widget-wrap elementor-element-populated\">\n\t\t\t\t\t\t<div class=\"elementor-element elementor-element-98a9365 elementor-widget elementor-widget-heading\" data-id=\"98a9365\" data-element_type=\"widget\" data-e-type=\"widget\" data-widget_type=\"heading.default\">\n\t\t\t\t<div class=\"elementor-widget-container\">\n\t\t\t\t\t<h1 class=\"elementor-heading-title elementor-size-default\">Measurement technology<br \/>roll grinding machines<\/h1>\t\t\t\t<\/div>\n\t\t\t\t<\/div>\n\t\t\t\t<div class=\"elementor-element elementor-element-c9a0e24 elementor-widget-divider--view-line elementor-widget elementor-widget-divider\" data-id=\"c9a0e24\" data-element_type=\"widget\" data-e-type=\"widget\" data-widget_type=\"divider.default\">\n\t\t\t\t<div class=\"elementor-widget-container\">\n\t\t\t\t\t\t\t<div class=\"elementor-divider\">\n\t\t\t<span class=\"elementor-divider-separator\">\n\t\t\t\t\t\t<\/span>\n\t\t<\/div>\n\t\t\t\t\t\t<\/div>\n\t\t\t\t<\/div>\n\t\t\t\t<div class=\"elementor-element elementor-element-bf7397d elementor-widget elementor-widget-spacer\" data-id=\"bf7397d\" data-element_type=\"widget\" data-e-type=\"widget\" data-widget_type=\"spacer.default\">\n\t\t\t\t<div class=\"elementor-widget-container\">\n\t\t\t\t\t\t\t<div class=\"elementor-spacer\">\n\t\t\t<div class=\"elementor-spacer-inner\"><\/div>\n\t\t<\/div>\n\t\t\t\t\t\t<\/div>\n\t\t\t\t<\/div>\n\t\t\t\t\t<\/div>\n\t\t<\/div>\n\t\t\t\t<div class=\"elementor-column elementor-col-33 elementor-top-column elementor-element elementor-element-723cca0\" data-id=\"723cca0\" data-element_type=\"column\" data-e-type=\"column\">\n\t\t\t<div class=\"elementor-widget-wrap\">\n\t\t\t\t\t\t\t<\/div>\n\t\t<\/div>\n\t\t\t\t<div class=\"elementor-column elementor-col-33 elementor-top-column elementor-element elementor-element-c9cf160\" data-id=\"c9cf160\" data-element_type=\"column\" data-e-type=\"column\">\n\t\t\t<div class=\"elementor-widget-wrap\">\n\t\t\t\t\t\t\t<\/div>\n\t\t<\/div>\n\t\t\t\t\t<\/div>\n\t\t<\/section>\n\t\t\t\t<section class=\"elementor-section elementor-top-section elementor-element elementor-element-6284d3b elementor-section-boxed elementor-section-height-default elementor-section-height-default\" data-id=\"6284d3b\" data-element_type=\"section\" data-e-type=\"section\">\n\t\t\t\t\t\t<div class=\"elementor-container elementor-column-gap-default\">\n\t\t\t\t\t<div class=\"elementor-column elementor-col-100 elementor-top-column elementor-element elementor-element-272fa2f\" data-id=\"272fa2f\" data-element_type=\"column\" data-e-type=\"column\">\n\t\t\t<div class=\"elementor-widget-wrap elementor-element-populated\">\n\t\t\t\t\t\t<div class=\"elementor-element elementor-element-b50c088 elementor-widget elementor-widget-text-editor\" data-id=\"b50c088\" data-element_type=\"widget\" data-e-type=\"widget\" data-widget_type=\"text-editor.default\">\n\t\t\t\t<div class=\"elementor-widget-container\">\n\t\t\t\t\t\t\t\t\t<p class=\"p1\">Various measuring systems are available for the respective areas of application and the associated customer requests.\u00a0<br \/>Both <b>OFF-Line measuring calibres<\/b>and the latest <b>ON-Line measuring devices (IN-Process)<\/b>can be supplied according to customer requirements.\u00a0<\/p><p class=\"p1\"><b>METEX OFF-Line measuring devices<\/b> are available in all sizes, specially adapted to the respective area of application.\u00a0<\/p><p class=\"p1\">Our <b>On-Line measuring devices (IN-Process)<\/b>is being manufactured in a compact design with a highly stable measuring arm that can be swiveled in and out. It is made of temperature-constant aluminum and enables the entire roller geometry to be measured during grinding.\u00a0<\/p><p class=\"p1\">This guarantees time savings and the result is a precisely ground roll, of which the grinding results  can be called up on a coloured measurement protocol at any time.<\/p>\t\t\t\t\t\t\t\t<\/div>\n\t\t\t\t<\/div>\n\t\t\t\t\t<\/div>\n\t\t<\/div>\n\t\t\t\t\t<\/div>\n\t\t<\/section>\n\t\t\t\t<section class=\"elementor-section elementor-top-section elementor-element elementor-element-33a611e elementor-section-boxed elementor-section-height-default elementor-section-height-default\" data-id=\"33a611e\" data-element_type=\"section\" data-e-type=\"section\">\n\t\t\t\t\t\t<div class=\"elementor-container elementor-column-gap-default\">\n\t\t\t\t\t<div class=\"elementor-column elementor-col-50 elementor-top-column elementor-element elementor-element-fdd246a\" data-id=\"fdd246a\" data-element_type=\"column\" data-e-type=\"column\">\n\t\t\t<div class=\"elementor-widget-wrap elementor-element-populated\">\n\t\t\t\t\t\t<div class=\"elementor-element elementor-element-f224919 elementor-widget elementor-widget-image\" data-id=\"f224919\" data-element_type=\"widget\" data-e-type=\"widget\" data-widget_type=\"image.default\">\n\t\t\t\t<div class=\"elementor-widget-container\">\n\t\t\t\t\t\t\t\t\t\t\t\t<figure class=\"wp-caption\">\n\t\t\t\t\t\t\t\t\t\t<img fetchpriority=\"high\" decoding=\"async\" width=\"800\" height=\"454\" src=\"https:\/\/www.metex-group.de\/wp-content\/uploads\/2021\/03\/metex-messarm-offline.jpg\" class=\"attachment-large size-large wp-image-3641\" alt=\"\" srcset=\"https:\/\/www.metex-group.de\/wp-content\/uploads\/2021\/03\/metex-messarm-offline.jpg 1000w, https:\/\/www.metex-group.de\/wp-content\/uploads\/2021\/03\/metex-messarm-offline-300x170.jpg 300w, https:\/\/www.metex-group.de\/wp-content\/uploads\/2021\/03\/metex-messarm-offline-768x436.jpg 768w\" sizes=\"(max-width: 800px) 100vw, 800px\" \/>\t\t\t\t\t\t\t\t\t\t\t<figcaption class=\"widget-image-caption wp-caption-text\">Offline measuring arm<\/figcaption>\n\t\t\t\t\t\t\t\t\t\t<\/figure>\n\t\t\t\t\t\t\t\t\t<\/div>\n\t\t\t\t<\/div>\n\t\t\t\t\t<\/div>\n\t\t<\/div>\n\t\t\t\t<div class=\"elementor-column elementor-col-50 elementor-top-column elementor-element elementor-element-dedaac2\" data-id=\"dedaac2\" data-element_type=\"column\" data-e-type=\"column\" data-settings=\"{&quot;background_background&quot;:&quot;classic&quot;}\">\n\t\t\t<div class=\"elementor-widget-wrap elementor-element-populated\">\n\t\t\t\t\t\t<div class=\"elementor-element elementor-element-dd04936 elementor-widget elementor-widget-image\" data-id=\"dd04936\" data-element_type=\"widget\" data-e-type=\"widget\" data-widget_type=\"image.default\">\n\t\t\t\t<div class=\"elementor-widget-container\">\n\t\t\t\t\t\t\t\t\t\t\t\t<figure class=\"wp-caption\">\n\t\t\t\t\t\t\t\t\t\t<img decoding=\"async\" width=\"800\" height=\"945\" src=\"https:\/\/www.metex-group.de\/wp-content\/uploads\/2021\/05\/WMG-2-867x1024.png\" class=\"attachment-large size-large wp-image-3969\" alt=\"\" srcset=\"https:\/\/www.metex-group.de\/wp-content\/uploads\/2021\/05\/WMG-2-867x1024.png 867w, https:\/\/www.metex-group.de\/wp-content\/uploads\/2021\/05\/WMG-2-254x300.png 254w, https:\/\/www.metex-group.de\/wp-content\/uploads\/2021\/05\/WMG-2-768x907.png 768w, https:\/\/www.metex-group.de\/wp-content\/uploads\/2021\/05\/WMG-2-1301x1536.png 1301w, https:\/\/www.metex-group.de\/wp-content\/uploads\/2021\/05\/WMG-2-1734x2048.png 1734w, https:\/\/www.metex-group.de\/wp-content\/uploads\/2021\/05\/WMG-2-10x12.png 10w\" sizes=\"(max-width: 800px) 100vw, 800px\" \/>\t\t\t\t\t\t\t\t\t\t\t<figcaption class=\"widget-image-caption wp-caption-text\">Online measuring arm<\/figcaption>\n\t\t\t\t\t\t\t\t\t\t<\/figure>\n\t\t\t\t\t\t\t\t\t<\/div>\n\t\t\t\t<\/div>\n\t\t\t\t\t<\/div>\n\t\t<\/div>\n\t\t\t\t\t<\/div>\n\t\t<\/section>\n\t\t\t\t<section class=\"elementor-section elementor-top-section elementor-element elementor-element-caaefcc elementor-section-boxed elementor-section-height-default elementor-section-height-default\" data-id=\"caaefcc\" data-element_type=\"section\" data-e-type=\"section\">\n\t\t\t\t\t\t<div class=\"elementor-container elementor-column-gap-default\">\n\t\t\t\t\t<div class=\"elementor-column elementor-col-100 elementor-top-column elementor-element elementor-element-19f8b49\" data-id=\"19f8b49\" data-element_type=\"column\" data-e-type=\"column\">\n\t\t\t<div class=\"elementor-widget-wrap elementor-element-populated\">\n\t\t\t\t\t\t<div class=\"elementor-element elementor-element-1c15b99 elementor-widget elementor-widget-spacer\" data-id=\"1c15b99\" data-element_type=\"widget\" data-e-type=\"widget\" data-widget_type=\"spacer.default\">\n\t\t\t\t<div class=\"elementor-widget-container\">\n\t\t\t\t\t\t\t<div class=\"elementor-spacer\">\n\t\t\t<div class=\"elementor-spacer-inner\"><\/div>\n\t\t<\/div>\n\t\t\t\t\t\t<\/div>\n\t\t\t\t<\/div>\n\t\t\t\t\t<\/div>\n\t\t<\/div>\n\t\t\t\t\t<\/div>\n\t\t<\/section>\n\t\t\t\t<\/div>","protected":false},"excerpt":{"rendered":"<p>F\u00fcr die jeweiligen Anwendungsbereiche und den damit verbundenen Kundenw\u00fcnschen stehen verschiedene Messsysteme zur Verf\u00fcgung.&nbsp; Sowohl OFF-Line Messkaliber, als auch hochmoderne ON-Line Messger\u00e4te (IN-Process), k\u00f6nnen entsprechend Kundenwunsch geliefert werden.&nbsp; METEX-OFF-Line-Messger\u00e4te stehen in allen Gr\u00f6\u00dfen, speziell angepasst an den jeweiligen Anwendungsbereich, zur Verf\u00fcgung.&nbsp; Unsere On-Line-Messsysteme (IN-process), hergestellt in kompaktem Design mit einem ein- und ausschwenkbaren hochstabilen Messarm [&hellip;]<\/p>\n","protected":false},"author":1,"featured_media":0,"parent":0,"menu_order":0,"comment_status":"closed","ping_status":"closed","template":"","meta":{"footnotes":""},"class_list":["post-3586","page","type-page","status-publish","hentry"],"_links":{"self":[{"href":"https:\/\/www.metex-group.de\/en\/wp-json\/wp\/v2\/pages\/3586","targetHints":{"allow":["GET"]}}],"collection":[{"href":"https:\/\/www.metex-group.de\/en\/wp-json\/wp\/v2\/pages"}],"about":[{"href":"https:\/\/www.metex-group.de\/en\/wp-json\/wp\/v2\/types\/page"}],"author":[{"embeddable":true,"href":"https:\/\/www.metex-group.de\/en\/wp-json\/wp\/v2\/users\/1"}],"replies":[{"embeddable":true,"href":"https:\/\/www.metex-group.de\/en\/wp-json\/wp\/v2\/comments?post=3586"}],"version-history":[{"count":5,"href":"https:\/\/www.metex-group.de\/en\/wp-json\/wp\/v2\/pages\/3586\/revisions"}],"predecessor-version":[{"id":5776,"href":"https:\/\/www.metex-group.de\/en\/wp-json\/wp\/v2\/pages\/3586\/revisions\/5776"}],"wp:attachment":[{"href":"https:\/\/www.metex-group.de\/en\/wp-json\/wp\/v2\/media?parent=3586"}],"curies":[{"name":"wp","href":"https:\/\/api.w.org\/{rel}","templated":true}]}}