{"id":3594,"date":"2021-03-29T11:13:26","date_gmt":"2021-03-29T09:13:26","guid":{"rendered":"http:\/\/www.metex-group.de\/?page_id=3594"},"modified":"2023-10-13T11:32:37","modified_gmt":"2023-10-13T09:32:37","slug":"rissprueftechnik-walzenschleifmaschinen","status":"publish","type":"page","link":"https:\/\/www.metex-group.de\/en\/rissprueftechnik-walzenschleifmaschinen\/","title":{"rendered":"Crack detection system<br \/>roll grinding machines"},"content":{"rendered":"<div data-elementor-type=\"wp-page\" data-elementor-id=\"3594\" class=\"elementor elementor-3594\" data-elementor-post-type=\"page\">\n\t\t\t\t\t\t<section class=\"elementor-section elementor-top-section elementor-element elementor-element-c6cc506 elementor-section-boxed elementor-section-height-default elementor-section-height-default\" data-id=\"c6cc506\" data-element_type=\"section\" data-e-type=\"section\" data-settings=\"{&quot;background_background&quot;:&quot;classic&quot;}\">\n\t\t\t\t\t\t<div class=\"elementor-container elementor-column-gap-default\">\n\t\t\t\t\t<div class=\"elementor-column elementor-col-33 elementor-top-column elementor-element elementor-element-76d64b1\" data-id=\"76d64b1\" data-element_type=\"column\" data-e-type=\"column\" data-settings=\"{&quot;background_background&quot;:&quot;classic&quot;}\">\n\t\t\t<div class=\"elementor-widget-wrap elementor-element-populated\">\n\t\t\t\t\t\t<div class=\"elementor-element elementor-element-98a9365 elementor-widget elementor-widget-heading\" data-id=\"98a9365\" data-element_type=\"widget\" data-e-type=\"widget\" data-widget_type=\"heading.default\">\n\t\t\t\t<div class=\"elementor-widget-container\">\n\t\t\t\t\t<h1 class=\"elementor-heading-title elementor-size-default\">Crack detection system<br \/>roll grinding machines<\/h1>\t\t\t\t<\/div>\n\t\t\t\t<\/div>\n\t\t\t\t<div class=\"elementor-element elementor-element-c9a0e24 elementor-widget-divider--view-line elementor-widget elementor-widget-divider\" data-id=\"c9a0e24\" data-element_type=\"widget\" data-e-type=\"widget\" data-widget_type=\"divider.default\">\n\t\t\t\t<div class=\"elementor-widget-container\">\n\t\t\t\t\t\t\t<div class=\"elementor-divider\">\n\t\t\t<span class=\"elementor-divider-separator\">\n\t\t\t\t\t\t<\/span>\n\t\t<\/div>\n\t\t\t\t\t\t<\/div>\n\t\t\t\t<\/div>\n\t\t\t\t<div class=\"elementor-element elementor-element-bf7397d elementor-widget elementor-widget-spacer\" data-id=\"bf7397d\" data-element_type=\"widget\" data-e-type=\"widget\" data-widget_type=\"spacer.default\">\n\t\t\t\t<div class=\"elementor-widget-container\">\n\t\t\t\t\t\t\t<div class=\"elementor-spacer\">\n\t\t\t<div class=\"elementor-spacer-inner\"><\/div>\n\t\t<\/div>\n\t\t\t\t\t\t<\/div>\n\t\t\t\t<\/div>\n\t\t\t\t\t<\/div>\n\t\t<\/div>\n\t\t\t\t<div class=\"elementor-column elementor-col-33 elementor-top-column elementor-element elementor-element-723cca0\" data-id=\"723cca0\" data-element_type=\"column\" data-e-type=\"column\">\n\t\t\t<div class=\"elementor-widget-wrap\">\n\t\t\t\t\t\t\t<\/div>\n\t\t<\/div>\n\t\t\t\t<div class=\"elementor-column elementor-col-33 elementor-top-column elementor-element elementor-element-c9cf160\" data-id=\"c9cf160\" data-element_type=\"column\" data-e-type=\"column\">\n\t\t\t<div class=\"elementor-widget-wrap\">\n\t\t\t\t\t\t\t<\/div>\n\t\t<\/div>\n\t\t\t\t\t<\/div>\n\t\t<\/section>\n\t\t\t\t<section class=\"elementor-section elementor-top-section elementor-element elementor-element-6284d3b elementor-section-boxed elementor-section-height-default elementor-section-height-default\" data-id=\"6284d3b\" data-element_type=\"section\" data-e-type=\"section\">\n\t\t\t\t\t\t<div class=\"elementor-container elementor-column-gap-default\">\n\t\t\t\t\t<div class=\"elementor-column elementor-col-33 elementor-top-column elementor-element elementor-element-ea30713\" data-id=\"ea30713\" data-element_type=\"column\" data-e-type=\"column\">\n\t\t\t<div class=\"elementor-widget-wrap elementor-element-populated\">\n\t\t\t\t\t\t<div class=\"elementor-element elementor-element-69231af elementor-widget elementor-widget-text-editor\" data-id=\"69231af\" data-element_type=\"widget\" data-e-type=\"widget\" data-widget_type=\"text-editor.default\">\n\t\t\t\t<div class=\"elementor-widget-container\">\n\t\t\t\t\t\t\t\t\t<p>The rolls are exposed to high loads, especially in rolling mills in the steel industry.<br \/>Using crack detection technology, the rolls can be checked during the grinding process in order to avoid unplanned production downtimes.<\/p><p>For crack detection, we use the technology of our well-known supplier <b>LISMAR<\/b> . LISMAR has the necessary KNOW-HOW and has equipped many of the METEX roll grinding machines with its systems.\u00a0<\/p><p>The pure <b>eddy current technology<\/b> detects cracks on the cylinder surface. <br \/>Combined systems with additional <b>ultrasonic measuring heads<\/b> are used to record defects and structural changes below the roll surface.<\/p>\t\t\t\t\t\t\t\t<\/div>\n\t\t\t\t<\/div>\n\t\t\t\t\t<\/div>\n\t\t<\/div>\n\t\t\t\t<div class=\"elementor-column elementor-col-33 elementor-top-column elementor-element elementor-element-272fa2f\" data-id=\"272fa2f\" data-element_type=\"column\" data-e-type=\"column\">\n\t\t\t<div class=\"elementor-widget-wrap elementor-element-populated\">\n\t\t\t\t\t\t<div class=\"elementor-element elementor-element-fd1c74f elementor-widget elementor-widget-image\" data-id=\"fd1c74f\" data-element_type=\"widget\" data-e-type=\"widget\" data-widget_type=\"image.default\">\n\t\t\t\t<div class=\"elementor-widget-container\">\n\t\t\t\t\t\t\t\t\t\t\t\t\t\t\t<img fetchpriority=\"high\" decoding=\"async\" width=\"484\" height=\"508\" src=\"https:\/\/www.metex-group.de\/wp-content\/uploads\/2021\/06\/Risspru\u0308f-Lismar_neu.png\" class=\"attachment-large size-large wp-image-6213\" alt=\"\" srcset=\"https:\/\/www.metex-group.de\/wp-content\/uploads\/2021\/06\/Risspru\u0308f-Lismar_neu.png 484w, https:\/\/www.metex-group.de\/wp-content\/uploads\/2021\/06\/Risspru\u0308f-Lismar_neu-286x300.png 286w, https:\/\/www.metex-group.de\/wp-content\/uploads\/2021\/06\/Risspru\u0308f-Lismar_neu-11x12.png 11w\" sizes=\"(max-width: 484px) 100vw, 484px\" \/>\t\t\t\t\t\t\t\t\t\t\t\t\t\t\t<\/div>\n\t\t\t\t<\/div>\n\t\t\t\t\t<\/div>\n\t\t<\/div>\n\t\t\t\t<div class=\"elementor-column elementor-col-33 elementor-top-column elementor-element elementor-element-b9aefe1\" data-id=\"b9aefe1\" data-element_type=\"column\" data-e-type=\"column\">\n\t\t\t<div class=\"elementor-widget-wrap elementor-element-populated\">\n\t\t\t\t\t\t\t<\/div>\n\t\t<\/div>\n\t\t\t\t\t<\/div>\n\t\t<\/section>\n\t\t\t\t<section class=\"elementor-section elementor-top-section elementor-element elementor-element-caaefcc elementor-section-boxed elementor-section-height-default elementor-section-height-default\" data-id=\"caaefcc\" data-element_type=\"section\" data-e-type=\"section\">\n\t\t\t\t\t\t<div class=\"elementor-container elementor-column-gap-default\">\n\t\t\t\t\t<div class=\"elementor-column elementor-col-100 elementor-top-column elementor-element elementor-element-19f8b49\" data-id=\"19f8b49\" data-element_type=\"column\" data-e-type=\"column\">\n\t\t\t<div class=\"elementor-widget-wrap elementor-element-populated\">\n\t\t\t\t\t\t<div class=\"elementor-element elementor-element-1c15b99 elementor-widget elementor-widget-spacer\" data-id=\"1c15b99\" data-element_type=\"widget\" data-e-type=\"widget\" data-widget_type=\"spacer.default\">\n\t\t\t\t<div class=\"elementor-widget-container\">\n\t\t\t\t\t\t\t<div class=\"elementor-spacer\">\n\t\t\t<div class=\"elementor-spacer-inner\"><\/div>\n\t\t<\/div>\n\t\t\t\t\t\t<\/div>\n\t\t\t\t<\/div>\n\t\t\t\t\t<\/div>\n\t\t<\/div>\n\t\t\t\t\t<\/div>\n\t\t<\/section>\n\t\t\t\t<\/div>","protected":false},"excerpt":{"rendered":"<p>Besonders in Walzstra\u00dfen der Stahlindustrie werden die Walzen hohen Lasten ausgesetzt.Mittels Risspr\u00fcftechnik k\u00f6nnen die Walzen w\u00e4hrend des Schleifprozesses kontrolliert werden, um ungeplante Produktionsausf\u00e4lle zu vermeiden. F\u00fcr die Risspr\u00fcfung k\u00f6nnen wir auf die Technik unseres namhaften Zulieferers LISMAR zur\u00fcckgreifen. LISMAR verf\u00fcgt \u00fcber das notwendige KNOW-HOW und hat viele der METEX-Walzenschleifmaschinen mit seinen Systemen ausger\u00fcstet.\u00a0 Die reine [&hellip;]<\/p>\n","protected":false},"author":1,"featured_media":0,"parent":0,"menu_order":0,"comment_status":"closed","ping_status":"closed","template":"","meta":{"footnotes":""},"class_list":["post-3594","page","type-page","status-publish","hentry"],"_links":{"self":[{"href":"https:\/\/www.metex-group.de\/en\/wp-json\/wp\/v2\/pages\/3594","targetHints":{"allow":["GET"]}}],"collection":[{"href":"https:\/\/www.metex-group.de\/en\/wp-json\/wp\/v2\/pages"}],"about":[{"href":"https:\/\/www.metex-group.de\/en\/wp-json\/wp\/v2\/types\/page"}],"author":[{"embeddable":true,"href":"https:\/\/www.metex-group.de\/en\/wp-json\/wp\/v2\/users\/1"}],"replies":[{"embeddable":true,"href":"https:\/\/www.metex-group.de\/en\/wp-json\/wp\/v2\/comments?post=3594"}],"version-history":[{"count":5,"href":"https:\/\/www.metex-group.de\/en\/wp-json\/wp\/v2\/pages\/3594\/revisions"}],"predecessor-version":[{"id":8432,"href":"https:\/\/www.metex-group.de\/en\/wp-json\/wp\/v2\/pages\/3594\/revisions\/8432"}],"wp:attachment":[{"href":"https:\/\/www.metex-group.de\/en\/wp-json\/wp\/v2\/media?parent=3594"}],"curies":[{"name":"wp","href":"https:\/\/api.w.org\/{rel}","templated":true}]}}