{"id":3599,"date":"2021-03-29T11:14:43","date_gmt":"2021-03-29T09:14:43","guid":{"rendered":"http:\/\/www.metex-group.de\/?page_id=3599"},"modified":"2024-08-23T07:11:42","modified_gmt":"2024-08-23T05:11:42","slug":"elektronik-walzenschleifmaschinen","status":"publish","type":"page","link":"https:\/\/www.metex-group.de\/en\/elektronik-walzenschleifmaschinen\/","title":{"rendered":"Electronics<br \/>roll grinding machines"},"content":{"rendered":"<div data-elementor-type=\"wp-page\" data-elementor-id=\"3599\" class=\"elementor elementor-3599\" data-elementor-post-type=\"page\">\n\t\t\t\t\t\t<section class=\"elementor-section elementor-top-section elementor-element elementor-element-c6cc506 elementor-section-boxed elementor-section-height-default elementor-section-height-default\" data-id=\"c6cc506\" data-element_type=\"section\" data-e-type=\"section\" data-settings=\"{&quot;background_background&quot;:&quot;classic&quot;}\">\n\t\t\t\t\t\t<div class=\"elementor-container elementor-column-gap-default\">\n\t\t\t\t\t<div class=\"elementor-column elementor-col-33 elementor-top-column elementor-element elementor-element-76d64b1\" data-id=\"76d64b1\" data-element_type=\"column\" data-e-type=\"column\" data-settings=\"{&quot;background_background&quot;:&quot;classic&quot;}\">\n\t\t\t<div class=\"elementor-widget-wrap elementor-element-populated\">\n\t\t\t\t\t\t<div class=\"elementor-element elementor-element-98a9365 elementor-widget elementor-widget-heading\" data-id=\"98a9365\" data-element_type=\"widget\" data-e-type=\"widget\" data-widget_type=\"heading.default\">\n\t\t\t\t<div class=\"elementor-widget-container\">\n\t\t\t\t\t<h1 class=\"elementor-heading-title elementor-size-default\">Electronics<br \/>roll grinding machines<\/h1>\t\t\t\t<\/div>\n\t\t\t\t<\/div>\n\t\t\t\t<div class=\"elementor-element elementor-element-c9a0e24 elementor-widget-divider--view-line elementor-widget elementor-widget-divider\" data-id=\"c9a0e24\" data-element_type=\"widget\" data-e-type=\"widget\" data-widget_type=\"divider.default\">\n\t\t\t\t<div class=\"elementor-widget-container\">\n\t\t\t\t\t\t\t<div class=\"elementor-divider\">\n\t\t\t<span class=\"elementor-divider-separator\">\n\t\t\t\t\t\t<\/span>\n\t\t<\/div>\n\t\t\t\t\t\t<\/div>\n\t\t\t\t<\/div>\n\t\t\t\t<div class=\"elementor-element elementor-element-bf7397d elementor-widget elementor-widget-spacer\" data-id=\"bf7397d\" data-element_type=\"widget\" data-e-type=\"widget\" data-widget_type=\"spacer.default\">\n\t\t\t\t<div class=\"elementor-widget-container\">\n\t\t\t\t\t\t\t<div class=\"elementor-spacer\">\n\t\t\t<div class=\"elementor-spacer-inner\"><\/div>\n\t\t<\/div>\n\t\t\t\t\t\t<\/div>\n\t\t\t\t<\/div>\n\t\t\t\t\t<\/div>\n\t\t<\/div>\n\t\t\t\t<div class=\"elementor-column elementor-col-33 elementor-top-column elementor-element elementor-element-723cca0\" data-id=\"723cca0\" data-element_type=\"column\" data-e-type=\"column\">\n\t\t\t<div class=\"elementor-widget-wrap\">\n\t\t\t\t\t\t\t<\/div>\n\t\t<\/div>\n\t\t\t\t<div class=\"elementor-column elementor-col-33 elementor-top-column elementor-element elementor-element-c9cf160\" data-id=\"c9cf160\" data-element_type=\"column\" data-e-type=\"column\">\n\t\t\t<div class=\"elementor-widget-wrap\">\n\t\t\t\t\t\t\t<\/div>\n\t\t<\/div>\n\t\t\t\t\t<\/div>\n\t\t<\/section>\n\t\t\t\t<section class=\"elementor-section elementor-top-section elementor-element elementor-element-6284d3b elementor-section-boxed elementor-section-height-default elementor-section-height-default\" data-id=\"6284d3b\" data-element_type=\"section\" data-e-type=\"section\">\n\t\t\t\t\t\t<div class=\"elementor-container elementor-column-gap-default\">\n\t\t\t\t\t<div class=\"elementor-column elementor-col-100 elementor-top-column elementor-element elementor-element-272fa2f\" data-id=\"272fa2f\" data-element_type=\"column\" data-e-type=\"column\">\n\t\t\t<div class=\"elementor-widget-wrap elementor-element-populated\">\n\t\t\t\t\t\t<div class=\"elementor-element elementor-element-4866741 elementor-widget elementor-widget-spacer\" data-id=\"4866741\" data-element_type=\"widget\" data-e-type=\"widget\" data-widget_type=\"spacer.default\">\n\t\t\t\t<div class=\"elementor-widget-container\">\n\t\t\t\t\t\t\t<div class=\"elementor-spacer\">\n\t\t\t<div class=\"elementor-spacer-inner\"><\/div>\n\t\t<\/div>\n\t\t\t\t\t\t<\/div>\n\t\t\t\t<\/div>\n\t\t\t\t<div class=\"elementor-element elementor-element-e9eb92e elementor-widget elementor-widget-heading\" data-id=\"e9eb92e\" data-element_type=\"widget\" data-e-type=\"widget\" data-widget_type=\"heading.default\">\n\t\t\t\t<div class=\"elementor-widget-container\">\n\t\t\t\t\t<h2 class=\"elementor-heading-title elementor-size-default\">CNC control system<\/h2>\t\t\t\t<\/div>\n\t\t\t\t<\/div>\n\t\t\t\t<div class=\"elementor-element elementor-element-b50c088 elementor-widget elementor-widget-text-editor\" data-id=\"b50c088\" data-element_type=\"widget\" data-e-type=\"widget\" data-widget_type=\"text-editor.default\">\n\t\t\t\t<div class=\"elementor-widget-container\">\n\t\t\t\t\t\t\t\t\t<p>METEX exclusively uses SIEMENS CNC controls <strong>SINUMERIK ONE<\/strong>\u00a0for its roll grinding machines. The grinding software required for this was developed in close cooperation with our customers and is constantly being adapted to the increasing needs of the user industry. We always use the latest SIEMENS developments so that our customers are up-to-date.<\/p><p>The CNC control concept based on the WINDOWS 10 operating system enables the complete operation and control of the entire grinding process in a fully automatic cycle. All necessary technical information for the operating personnel is displayed on a touchscreen, type ITC2200, in the respective national language of our customers.<\/p>\t\t\t\t\t\t\t\t<\/div>\n\t\t\t\t<\/div>\n\t\t\t\t<div class=\"elementor-element elementor-element-ce92b45 elementor-widget elementor-widget-image\" data-id=\"ce92b45\" data-element_type=\"widget\" data-e-type=\"widget\" data-widget_type=\"image.default\">\n\t\t\t\t<div class=\"elementor-widget-container\">\n\t\t\t\t\t\t\t\t\t\t\t\t\t\t\t<img fetchpriority=\"high\" decoding=\"async\" width=\"567\" height=\"425\" src=\"https:\/\/www.metex-group.de\/wp-content\/uploads\/2021\/06\/Bedienpult-2.png\" class=\"attachment-full size-full wp-image-4737\" alt=\"\" srcset=\"https:\/\/www.metex-group.de\/wp-content\/uploads\/2021\/06\/Bedienpult-2.png 567w, https:\/\/www.metex-group.de\/wp-content\/uploads\/2021\/06\/Bedienpult-2-300x225.png 300w, https:\/\/www.metex-group.de\/wp-content\/uploads\/2021\/06\/Bedienpult-2-16x12.png 16w\" sizes=\"(max-width: 567px) 100vw, 567px\" \/>\t\t\t\t\t\t\t\t\t\t\t\t\t\t\t<\/div>\n\t\t\t\t<\/div>\n\t\t\t\t<div class=\"elementor-element elementor-element-d705e4d elementor-widget elementor-widget-spacer\" data-id=\"d705e4d\" data-element_type=\"widget\" data-e-type=\"widget\" data-widget_type=\"spacer.default\">\n\t\t\t\t<div class=\"elementor-widget-container\">\n\t\t\t\t\t\t\t<div class=\"elementor-spacer\">\n\t\t\t<div class=\"elementor-spacer-inner\"><\/div>\n\t\t<\/div>\n\t\t\t\t\t\t<\/div>\n\t\t\t\t<\/div>\n\t\t\t\t\t<\/div>\n\t\t<\/div>\n\t\t\t\t\t<\/div>\n\t\t<\/section>\n\t\t\t\t<section class=\"elementor-section elementor-top-section elementor-element elementor-element-aa2fae8 elementor-section-boxed elementor-section-height-default elementor-section-height-default\" data-id=\"aa2fae8\" data-element_type=\"section\" data-e-type=\"section\">\n\t\t\t\t\t\t<div class=\"elementor-container elementor-column-gap-default\">\n\t\t\t\t\t<div class=\"elementor-column elementor-col-33 elementor-top-column elementor-element elementor-element-76b66e0\" data-id=\"76b66e0\" data-element_type=\"column\" data-e-type=\"column\">\n\t\t\t<div class=\"elementor-widget-wrap elementor-element-populated\">\n\t\t\t\t\t\t<div class=\"elementor-element elementor-element-18e0786 elementor-widget elementor-widget-image\" data-id=\"18e0786\" data-element_type=\"widget\" data-e-type=\"widget\" data-widget_type=\"image.default\">\n\t\t\t\t<div class=\"elementor-widget-container\">\n\t\t\t\t\t\t\t\t\t\t\t\t\t\t\t<img decoding=\"async\" width=\"709\" height=\"492\" src=\"https:\/\/www.metex-group.de\/wp-content\/uploads\/2021\/06\/Schaltschrank.png\" class=\"attachment-large size-large wp-image-4706\" alt=\"\" srcset=\"https:\/\/www.metex-group.de\/wp-content\/uploads\/2021\/06\/Schaltschrank.png 709w, https:\/\/www.metex-group.de\/wp-content\/uploads\/2021\/06\/Schaltschrank-300x208.png 300w, https:\/\/www.metex-group.de\/wp-content\/uploads\/2021\/06\/Schaltschrank-16x12.png 16w\" sizes=\"(max-width: 709px) 100vw, 709px\" \/>\t\t\t\t\t\t\t\t\t\t\t\t\t\t\t<\/div>\n\t\t\t\t<\/div>\n\t\t\t\t<div class=\"elementor-element elementor-element-74f1eec elementor-widget elementor-widget-text-editor\" data-id=\"74f1eec\" data-element_type=\"widget\" data-e-type=\"widget\" data-widget_type=\"text-editor.default\">\n\t\t\t\t<div class=\"elementor-widget-container\">\n\t\t\t\t\t\t\t\t\t<p style=\"text-align: center;\">air-conditioned machine control cabinet<\/p>\t\t\t\t\t\t\t\t<\/div>\n\t\t\t\t<\/div>\n\t\t\t\t\t<\/div>\n\t\t<\/div>\n\t\t\t\t<div class=\"elementor-column elementor-col-33 elementor-top-column elementor-element elementor-element-8220beb\" data-id=\"8220beb\" data-element_type=\"column\" data-e-type=\"column\">\n\t\t\t<div class=\"elementor-widget-wrap elementor-element-populated\">\n\t\t\t\t\t\t<div class=\"elementor-element elementor-element-26a7332 elementor-widget elementor-widget-image\" data-id=\"26a7332\" data-element_type=\"widget\" data-e-type=\"widget\" data-widget_type=\"image.default\">\n\t\t\t\t<div class=\"elementor-widget-container\">\n\t\t\t\t\t\t\t\t\t\t\t\t\t\t\t<img decoding=\"async\" width=\"177\" height=\"300\" src=\"https:\/\/www.metex-group.de\/wp-content\/uploads\/2021\/06\/mobile-Bedienstelle-177x300.jpg\" class=\"attachment-medium size-medium wp-image-4713\" alt=\"\" srcset=\"https:\/\/www.metex-group.de\/wp-content\/uploads\/2021\/06\/mobile-Bedienstelle-177x300.jpg 177w, https:\/\/www.metex-group.de\/wp-content\/uploads\/2021\/06\/mobile-Bedienstelle-603x1024.jpg 603w, https:\/\/www.metex-group.de\/wp-content\/uploads\/2021\/06\/mobile-Bedienstelle-768x1303.jpg 768w, https:\/\/www.metex-group.de\/wp-content\/uploads\/2021\/06\/mobile-Bedienstelle-905x1536.jpg 905w, https:\/\/www.metex-group.de\/wp-content\/uploads\/2021\/06\/mobile-Bedienstelle-1207x2048.jpg 1207w, https:\/\/www.metex-group.de\/wp-content\/uploads\/2021\/06\/mobile-Bedienstelle-7x12.jpg 7w, https:\/\/www.metex-group.de\/wp-content\/uploads\/2021\/06\/mobile-Bedienstelle-scaled.jpg 1509w\" sizes=\"(max-width: 177px) 100vw, 177px\" \/>\t\t\t\t\t\t\t\t\t\t\t\t\t\t\t<\/div>\n\t\t\t\t<\/div>\n\t\t\t\t<div class=\"elementor-element elementor-element-514297c elementor-widget elementor-widget-text-editor\" data-id=\"514297c\" data-element_type=\"widget\" data-e-type=\"widget\" data-widget_type=\"text-editor.default\">\n\t\t\t\t<div class=\"elementor-widget-container\">\n\t\t\t\t\t\t\t\t\t<p style=\"text-align: center;\">auxiliary operating point (second control panel)<\/p>\t\t\t\t\t\t\t\t<\/div>\n\t\t\t\t<\/div>\n\t\t\t\t\t<\/div>\n\t\t<\/div>\n\t\t\t\t<div class=\"elementor-column elementor-col-33 elementor-top-column elementor-element elementor-element-a988beb\" data-id=\"a988beb\" data-element_type=\"column\" data-e-type=\"column\">\n\t\t\t<div class=\"elementor-widget-wrap elementor-element-populated\">\n\t\t\t\t\t\t<div class=\"elementor-element elementor-element-33ce6a1 elementor-widget elementor-widget-image\" data-id=\"33ce6a1\" data-element_type=\"widget\" data-e-type=\"widget\" data-widget_type=\"image.default\">\n\t\t\t\t<div class=\"elementor-widget-container\">\n\t\t\t\t\t\t\t\t\t\t\t\t\t\t\t<img loading=\"lazy\" decoding=\"async\" width=\"152\" height=\"300\" src=\"https:\/\/www.metex-group.de\/wp-content\/uploads\/2021\/06\/Handbediengeraet-152x300.png\" class=\"attachment-medium size-medium wp-image-4702\" alt=\"\" srcset=\"https:\/\/www.metex-group.de\/wp-content\/uploads\/2021\/06\/Handbediengeraet-152x300.png 152w, https:\/\/www.metex-group.de\/wp-content\/uploads\/2021\/06\/Handbediengeraet-6x12.png 6w, https:\/\/www.metex-group.de\/wp-content\/uploads\/2021\/06\/Handbediengeraet.png 425w\" sizes=\"(max-width: 152px) 100vw, 152px\" \/>\t\t\t\t\t\t\t\t\t\t\t\t\t\t\t<\/div>\n\t\t\t\t<\/div>\n\t\t\t\t<div class=\"elementor-element elementor-element-b67ef07 elementor-widget elementor-widget-text-editor\" data-id=\"b67ef07\" data-element_type=\"widget\" data-e-type=\"widget\" data-widget_type=\"text-editor.default\">\n\t\t\t\t<div class=\"elementor-widget-container\">\n\t\t\t\t\t\t\t\t\t<p style=\"text-align: center;\">hand-held device for setup mode<\/p>\t\t\t\t\t\t\t\t<\/div>\n\t\t\t\t<\/div>\n\t\t\t\t\t<\/div>\n\t\t<\/div>\n\t\t\t\t\t<\/div>\n\t\t<\/section>\n\t\t\t\t<\/div>","protected":false},"excerpt":{"rendered":"<p>CNC-Steuerungssystem Die METEX Group GmbH setzt f\u00fcr seine Walzenschleifmaschinen ausnahmslos SIEMENS CNC-Steuerungen SINUMERIK ONE\u00a0ein. Die daf\u00fcr notwendige Schleifsoftware wurde \u00fcber Jahre in enger Zusammenarbeit mit unseren Kunden entwickelt und wird st\u00e4ndig den neuen steigenden Bed\u00fcrfnissen der Anwenderindustrie angepasst. Weiterentwicklungen von SIEMENS werden umgehend von uns genutzt, so dass unsere Kunden immer \u00fcber das aktuelle Steuerungsmodell [&hellip;]<\/p>\n","protected":false},"author":1,"featured_media":0,"parent":0,"menu_order":0,"comment_status":"closed","ping_status":"closed","template":"","meta":{"footnotes":""},"class_list":["post-3599","page","type-page","status-publish","hentry"],"_links":{"self":[{"href":"https:\/\/www.metex-group.de\/en\/wp-json\/wp\/v2\/pages\/3599","targetHints":{"allow":["GET"]}}],"collection":[{"href":"https:\/\/www.metex-group.de\/en\/wp-json\/wp\/v2\/pages"}],"about":[{"href":"https:\/\/www.metex-group.de\/en\/wp-json\/wp\/v2\/types\/page"}],"author":[{"embeddable":true,"href":"https:\/\/www.metex-group.de\/en\/wp-json\/wp\/v2\/users\/1"}],"replies":[{"embeddable":true,"href":"https:\/\/www.metex-group.de\/en\/wp-json\/wp\/v2\/comments?post=3599"}],"version-history":[{"count":5,"href":"https:\/\/www.metex-group.de\/en\/wp-json\/wp\/v2\/pages\/3599\/revisions"}],"predecessor-version":[{"id":9738,"href":"https:\/\/www.metex-group.de\/en\/wp-json\/wp\/v2\/pages\/3599\/revisions\/9738"}],"wp:attachment":[{"href":"https:\/\/www.metex-group.de\/en\/wp-json\/wp\/v2\/media?parent=3599"}],"curies":[{"name":"wp","href":"https:\/\/api.w.org\/{rel}","templated":true}]}}